{"id":159,"date":"2020-10-28T13:48:19","date_gmt":"2020-10-28T12:48:19","guid":{"rendered":"http:\/\/laara.info\/?page_id=159"},"modified":"2023-05-05T12:50:54","modified_gmt":"2023-05-05T10:50:54","slug":"news","status":"publish","type":"page","link":"https:\/\/laara.info\/?page_id=159","title":{"rendered":"News"},"content":{"rendered":"\t\t<div data-elementor-type=\"wp-page\" data-elementor-id=\"159\" class=\"elementor elementor-159\" data-elementor-settings=\"[]\">\n\t\t\t\t\t\t<div class=\"elementor-inner\">\n\t\t\t\t\t\t\t<div class=\"elementor-section-wrap\">\n\t\t\t\t\t\t\t<section class=\"elementor-section elementor-top-section elementor-element elementor-element-d7e72d8 elementor-section-boxed elementor-section-height-default elementor-section-height-default\" data-id=\"d7e72d8\" data-element_type=\"section\">\n\t\t\t\t\t\t<div class=\"elementor-container elementor-column-gap-default\">\n\t\t\t\t\t\t\t<div class=\"elementor-row\">\n\t\t\t\t\t<div class=\"elementor-column elementor-col-50 elementor-top-column elementor-element elementor-element-eb7a2f0\" data-id=\"eb7a2f0\" data-element_type=\"column\">\n\t\t\t<div class=\"elementor-column-wrap elementor-element-populated\">\n\t\t\t\t\t\t\t<div class=\"elementor-widget-wrap\">\n\t\t\t\t\t\t<div class=\"elementor-element elementor-element-3e76589 elementor-aspect-ratio-169 elementor-widget elementor-widget-video\" data-id=\"3e76589\" data-element_type=\"widget\" data-settings=\"{&quot;aspect_ratio&quot;:&quot;169&quot;}\" data-widget_type=\"video.default\">\n\t\t\t\t<div class=\"elementor-widget-container\">\n\t\t\t\t\t<div class=\"elementor-wrapper elementor-fit-aspect-ratio elementor-open-inline\">\n\t\t\t\t\t<video class=\"elementor-video\" src=\"http:\/\/laara.info\/wp-content\/uploads\/2023\/03\/LAARA_Film_2022_Dialogforum.mp4\" controls=\"\" controlsList=\"nodownload\"><\/video>\n\t\t\t\t<\/div>\n\t\t\t\t<\/div>\n\t\t\t\t<\/div>\n\t\t\t\t\t\t<\/div>\n\t\t\t\t\t<\/div>\n\t\t<\/div>\n\t\t\t\t<div class=\"elementor-column elementor-col-50 elementor-top-column elementor-element elementor-element-99c5745\" data-id=\"99c5745\" data-element_type=\"column\">\n\t\t\t<div class=\"elementor-column-wrap elementor-element-populated\">\n\t\t\t\t\t\t\t<div class=\"elementor-widget-wrap\">\n\t\t\t\t\t\t<div class=\"elementor-element elementor-element-d4e0aad elementor-widget elementor-widget-heading\" data-id=\"d4e0aad\" data-element_type=\"widget\" data-widget_type=\"heading.default\">\n\t\t\t\t<div class=\"elementor-widget-container\">\n\t\t\t<h2 class=\"elementor-heading-title elementor-size-default\">Das Projekt LAARA stellt neue Ergebnisse auf der Dialogkonferenz <br>2022 vor<\/h2>\t\t<\/div>\n\t\t\t\t<\/div>\n\t\t\t\t\t\t<\/div>\n\t\t\t\t\t<\/div>\n\t\t<\/div>\n\t\t\t\t\t\t\t\t<\/div>\n\t\t\t\t\t<\/div>\n\t\t<\/section>\n\t\t\t\t<section class=\"elementor-section elementor-top-section elementor-element elementor-element-59b9a6a elementor-section-boxed elementor-section-height-default elementor-section-height-default\" data-id=\"59b9a6a\" data-element_type=\"section\">\n\t\t\t\t\t\t<div class=\"elementor-container elementor-column-gap-default\">\n\t\t\t\t\t\t\t<div class=\"elementor-row\">\n\t\t\t\t\t<div class=\"elementor-column elementor-col-50 elementor-top-column elementor-element elementor-element-b3b886d\" data-id=\"b3b886d\" data-element_type=\"column\">\n\t\t\t<div class=\"elementor-column-wrap elementor-element-populated\">\n\t\t\t\t\t\t\t<div class=\"elementor-widget-wrap\">\n\t\t\t\t\t\t<div class=\"elementor-element elementor-element-2827015 elementor-widget elementor-widget-text-editor\" data-id=\"2827015\" data-element_type=\"widget\" data-widget_type=\"text-editor.default\">\n\t\t\t\t<div class=\"elementor-widget-container\">\n\t\t\t\t\t<div class=\"elementor-text-editor elementor-clearfix\"><p><b>Metavorhaben Digitalisierung im Bildungsbereich &#8211; Inside Bildungsforschung<\/b><\/p>\n<p>Wir durften im Rahmen der Veranstaltungsreihe Inside Bildungsforschung unser Projekt vorstellen, um uns am Austausch und der Vernetzung mit anderem Projekten zu beteiligen. <\/p>\n<p>Vielen Dank f\u00fcr diese interessante und neue Erfahrung!<\/p>\n<p><\/p><\/div>\n\t\t\t\t<\/div>\n\t\t\t\t<\/div>\n\t\t\t\t\t\t<\/div>\n\t\t\t\t\t<\/div>\n\t\t<\/div>\n\t\t\t\t<div class=\"elementor-column elementor-col-50 elementor-top-column elementor-element elementor-element-6fe15d2\" data-id=\"6fe15d2\" data-element_type=\"column\">\n\t\t\t<div class=\"elementor-column-wrap elementor-element-populated\">\n\t\t\t\t\t\t\t<div class=\"elementor-widget-wrap\">\n\t\t\t\t\t\t<div class=\"elementor-element elementor-element-ff3f828 elementor-aspect-ratio-169 elementor-widget elementor-widget-video\" data-id=\"ff3f828\" data-element_type=\"widget\" data-settings=\"{&quot;aspect_ratio&quot;:&quot;169&quot;}\" data-widget_type=\"video.default\">\n\t\t\t\t<div class=\"elementor-widget-container\">\n\t\t\t\t\t<div class=\"elementor-wrapper elementor-fit-aspect-ratio elementor-open-inline\">\n\t\t\t\t\t<video class=\"elementor-video\" src=\"http:\/\/laara.info\/wp-content\/uploads\/2022\/08\/LAARA-Video.mp4\" controls=\"\" controlsList=\"nodownload\"><\/video>\n\t\t\t\t<\/div>\n\t\t\t\t<\/div>\n\t\t\t\t<\/div>\n\t\t\t\t\t\t<\/div>\n\t\t\t\t\t<\/div>\n\t\t<\/div>\n\t\t\t\t\t\t\t\t<\/div>\n\t\t\t\t\t<\/div>\n\t\t<\/section>\n\t\t\t\t<section class=\"elementor-section elementor-top-section elementor-element elementor-element-08c287b elementor-section-boxed elementor-section-height-default elementor-section-height-default\" data-id=\"08c287b\" data-element_type=\"section\">\n\t\t\t\t\t\t<div class=\"elementor-container elementor-column-gap-default\">\n\t\t\t\t\t\t\t<div class=\"elementor-row\">\n\t\t\t\t\t<div class=\"elementor-column elementor-col-50 elementor-top-column elementor-element elementor-element-d5f1ed6\" data-id=\"d5f1ed6\" data-element_type=\"column\">\n\t\t\t<div class=\"elementor-column-wrap elementor-element-populated\">\n\t\t\t\t\t\t\t<div class=\"elementor-widget-wrap\">\n\t\t\t\t\t\t<div class=\"elementor-element elementor-element-7cdb9bb elementor-widget elementor-widget-text-editor\" data-id=\"7cdb9bb\" data-element_type=\"widget\" data-widget_type=\"text-editor.default\">\n\t\t\t\t<div class=\"elementor-widget-container\">\n\t\t\t\t\t<div class=\"elementor-text-editor elementor-clearfix\"><p><strong>Das Projekt LAARA stellt sich beim 6. Forum des Bildungssektors \u201eBerufliche Bildung\u201c vor<\/strong><\/p><p>Am 14.10 und 15.10.21 fand das Sechste Forum des Bildungssektors \u201eBerufliche Bildung\u201c zum Thema \u201eGelingensbedingungen in der Lernortkooperation in der beruflichen Bildung statt\u201c. Expert*innen ausgew\u00e4hlte Projekte des F\u00f6rderprogramms \u201eGestaltung von Bildungsprozessen unter den Bedingungen des digitalen Wandels\u201c sind zusammengekommen, um sich \u00fcber aktuelle Entwicklungen und Konzepte zur Lernortkooperation auszutauschen.<\/p><p>Auch das Team des Forschungsprojekts \u201eLernen, Informieren und kompetent Agieren mit Augmented Reality im Arbeitsprozess\u201c (LAARA) war eingeladen, um sich vorzustellen und die bisherigen Entwicklungen im Projekt zu pr\u00e4sentieren.<\/p><\/div>\n\t\t\t\t<\/div>\n\t\t\t\t<\/div>\n\t\t\t\t\t\t<\/div>\n\t\t\t\t\t<\/div>\n\t\t<\/div>\n\t\t\t\t<div class=\"elementor-column elementor-col-50 elementor-top-column elementor-element elementor-element-6a80057\" data-id=\"6a80057\" data-element_type=\"column\">\n\t\t\t<div class=\"elementor-column-wrap elementor-element-populated\">\n\t\t\t\t\t\t\t<div class=\"elementor-widget-wrap\">\n\t\t\t\t\t\t<div class=\"elementor-element elementor-element-4446432 elementor-invisible elementor-widget elementor-widget-image\" data-id=\"4446432\" data-element_type=\"widget\" data-settings=\"{&quot;_animation&quot;:&quot;fadeInRight&quot;}\" data-widget_type=\"image.default\">\n\t\t\t\t<div class=\"elementor-widget-container\">\n\t\t\t\t\t<div class=\"elementor-image\">\n\t\t\t\t\t\t\t\t\t\t<img width=\"580\" height=\"338\" src=\"https:\/\/laara.info\/wp-content\/uploads\/2021\/10\/Bild-VortragII-1024x596.jpg\" class=\"attachment-large size-large\" alt=\"\" loading=\"lazy\" srcset=\"https:\/\/laara.info\/wp-content\/uploads\/2021\/10\/Bild-VortragII-1024x596.jpg 1024w, https:\/\/laara.info\/wp-content\/uploads\/2021\/10\/Bild-VortragII-300x175.jpg 300w, https:\/\/laara.info\/wp-content\/uploads\/2021\/10\/Bild-VortragII-768x447.jpg 768w, https:\/\/laara.info\/wp-content\/uploads\/2021\/10\/Bild-VortragII.jpg 1083w\" sizes=\"(max-width: 580px) 100vw, 580px\" \/>\t\t\t\t\t\t\t\t\t\t\t<\/div>\n\t\t\t\t<\/div>\n\t\t\t\t<\/div>\n\t\t\t\t\t\t<\/div>\n\t\t\t\t\t<\/div>\n\t\t<\/div>\n\t\t\t\t\t\t\t\t<\/div>\n\t\t\t\t\t<\/div>\n\t\t<\/section>\n\t\t\t\t<section class=\"elementor-section elementor-top-section elementor-element elementor-element-f51c406 elementor-section-boxed elementor-section-height-default elementor-section-height-default\" data-id=\"f51c406\" data-element_type=\"section\">\n\t\t\t\t\t\t<div class=\"elementor-container elementor-column-gap-default\">\n\t\t\t\t\t\t\t<div class=\"elementor-row\">\n\t\t\t\t\t<div class=\"elementor-column elementor-col-50 elementor-top-column elementor-element elementor-element-9f7c105\" data-id=\"9f7c105\" data-element_type=\"column\">\n\t\t\t<div class=\"elementor-column-wrap elementor-element-populated\">\n\t\t\t\t\t\t\t<div class=\"elementor-widget-wrap\">\n\t\t\t\t\t\t<div class=\"elementor-element elementor-element-aab5325 elementor-widget elementor-widget-text-editor\" data-id=\"aab5325\" data-element_type=\"widget\" data-widget_type=\"text-editor.default\">\n\t\t\t\t<div class=\"elementor-widget-container\">\n\t\t\t\t\t<div class=\"elementor-text-editor elementor-clearfix\"><p><b>EDTech Research Forum<\/b><\/p><p>Am 30.09.21 und 01.10.21 fand zum zweiten Mal das j\u00e4hrliche EdTech Research Forum statt. Organisiert und durchgef\u00fchrt wurde die Tagung unter der Leitung des Metavorhabens \u201eDigitalisierung im Bildungsbereich\u201c sowie des Bundesministeriums f\u00fcr Bildung und Forschung (BMBF). Die Vortr\u00e4ge und Pr\u00e4sentationen fanden via Zoom und mit dem digitalen Tool \u201eGather.Town\u201c statt.<\/p><p>Das Projektteam pr\u00e4sentierte auf der virtuellen Tagung erste Ergebnisse des Projektes. Gleichzeitig konnte das Team die anderen Projekte der F\u00f6rderlinie kennen lernen und sich mit den Projektmitgliedern \u00fcber Schnittmengen in Forschungsfragen sowie Herausforderungen in der technischen Gestaltung und Umsetzung austauschen.<\/p><\/div>\n\t\t\t\t<\/div>\n\t\t\t\t<\/div>\n\t\t\t\t\t\t<\/div>\n\t\t\t\t\t<\/div>\n\t\t<\/div>\n\t\t\t\t<div class=\"elementor-column elementor-col-50 elementor-top-column elementor-element elementor-element-b584f11\" data-id=\"b584f11\" data-element_type=\"column\">\n\t\t\t<div class=\"elementor-column-wrap elementor-element-populated\">\n\t\t\t\t\t\t\t<div class=\"elementor-widget-wrap\">\n\t\t\t\t\t\t<div class=\"elementor-element elementor-element-c1e42f5 elementor-invisible elementor-widget elementor-widget-image\" data-id=\"c1e42f5\" data-element_type=\"widget\" data-settings=\"{&quot;_animation&quot;:&quot;fadeInRight&quot;}\" data-widget_type=\"image.default\">\n\t\t\t\t<div class=\"elementor-widget-container\">\n\t\t\t\t\t<div class=\"elementor-image\">\n\t\t\t\t\t\t\t<figure class=\"wp-caption\">\n\t\t\t\t\t\t\t\t\t\t<img width=\"459\" height=\"313\" src=\"https:\/\/laara.info\/wp-content\/uploads\/2021\/10\/Screenshot-2.jpg\" class=\"attachment-large size-large\" alt=\"\" loading=\"lazy\" srcset=\"https:\/\/laara.info\/wp-content\/uploads\/2021\/10\/Screenshot-2.jpg 459w, https:\/\/laara.info\/wp-content\/uploads\/2021\/10\/Screenshot-2-300x205.jpg 300w\" sizes=\"(max-width: 459px) 100vw, 459px\" \/>\t\t\t\t\t\t\t\t\t\t\t<figcaption class=\"widget-image-caption wp-caption-text\">Screenshot der Poster Gallery innerhalb des Tools \u201eGather.Town\u201c<\/figcaption>\n\t\t\t\t\t\t\t\t\t\t<\/figure>\n\t\t\t\t\t<\/div>\n\t\t\t\t<\/div>\n\t\t\t\t<\/div>\n\t\t\t\t\t\t<\/div>\n\t\t\t\t\t<\/div>\n\t\t<\/div>\n\t\t\t\t\t\t\t\t<\/div>\n\t\t\t\t\t<\/div>\n\t\t<\/section>\n\t\t\t\t<section class=\"elementor-section elementor-top-section elementor-element elementor-element-93e3e8d elementor-section-boxed elementor-section-height-default elementor-section-height-default\" data-id=\"93e3e8d\" data-element_type=\"section\">\n\t\t\t\t\t\t<div class=\"elementor-container elementor-column-gap-default\">\n\t\t\t\t\t\t\t<div class=\"elementor-row\">\n\t\t\t\t\t<div class=\"elementor-column elementor-col-100 elementor-top-column elementor-element elementor-element-1f52e8cf\" data-id=\"1f52e8cf\" data-element_type=\"column\">\n\t\t\t<div class=\"elementor-column-wrap elementor-element-populated\">\n\t\t\t\t\t\t\t<div class=\"elementor-widget-wrap\">\n\t\t\t\t\t\t<section class=\"elementor-section elementor-inner-section elementor-element elementor-element-dd6ff99 elementor-section-boxed elementor-section-height-default elementor-section-height-default\" data-id=\"dd6ff99\" data-element_type=\"section\">\n\t\t\t\t\t\t<div class=\"elementor-container elementor-column-gap-default\">\n\t\t\t\t\t\t\t<div class=\"elementor-row\">\n\t\t\t\t\t<div class=\"elementor-column elementor-col-50 elementor-inner-column elementor-element elementor-element-6c362f7\" data-id=\"6c362f7\" data-element_type=\"column\">\n\t\t\t<div class=\"elementor-column-wrap elementor-element-populated\">\n\t\t\t\t\t\t\t<div class=\"elementor-widget-wrap\">\n\t\t\t\t\t\t<div class=\"elementor-element elementor-element-db3a38a elementor-widget elementor-widget-spacer\" data-id=\"db3a38a\" data-element_type=\"widget\" data-widget_type=\"spacer.default\">\n\t\t\t\t<div class=\"elementor-widget-container\">\n\t\t\t\t\t<div class=\"elementor-spacer\">\n\t\t\t<div class=\"elementor-spacer-inner\"><\/div>\n\t\t<\/div>\n\t\t\t\t<\/div>\n\t\t\t\t<\/div>\n\t\t\t\t<div class=\"elementor-element elementor-element-1a2b5bd elementor-widget elementor-widget-text-editor\" data-id=\"1a2b5bd\" data-element_type=\"widget\" data-widget_type=\"text-editor.default\">\n\t\t\t\t<div class=\"elementor-widget-container\">\n\t\t\t\t\t<div class=\"elementor-text-editor elementor-clearfix\"><p style=\"font-size: 18px; text-align: left; letter-spacing: -0.27px;\"><span style=\"font-weight: bold;\">SocialVR &#8211; Konferenz<\/span><\/p><p style=\"font-size: 18px; text-align: justify; letter-spacing: -0.27px;\">Das Projekt LAARA wurde am 07. Dezember 2020 mit einem Plakat (siehe Publikationen) bei der SocialVR-Konfernz vorgestellt. Die Konferenz fand \u00fcber AltspaceVR statt. Insgesamt stellen sich 24 Forschungs- und Anwendungsprojekte sowie Anbieter von Dienstleistungen und L\u00f6sungen vor und diskutierten im online-Format aktuelle Herausforderungen f\u00fcr Forschung und Praxis<\/p><p>\u00a0<\/p><\/div>\n\t\t\t\t<\/div>\n\t\t\t\t<\/div>\n\t\t\t\t\t\t<\/div>\n\t\t\t\t\t<\/div>\n\t\t<\/div>\n\t\t\t\t<div class=\"elementor-column elementor-col-50 elementor-inner-column elementor-element elementor-element-9891e25\" data-id=\"9891e25\" data-element_type=\"column\">\n\t\t\t<div class=\"elementor-column-wrap elementor-element-populated\">\n\t\t\t\t\t\t\t<div class=\"elementor-widget-wrap\">\n\t\t\t\t\t\t<div class=\"elementor-element elementor-element-ba88e67 elementor-invisible elementor-widget elementor-widget-image\" data-id=\"ba88e67\" data-element_type=\"widget\" data-settings=\"{&quot;_animation&quot;:&quot;fadeInRight&quot;}\" data-widget_type=\"image.default\">\n\t\t\t\t<div class=\"elementor-widget-container\">\n\t\t\t\t\t<div class=\"elementor-image\">\n\t\t\t\t\t\t\t\t\t\t<img width=\"580\" height=\"414\" src=\"https:\/\/laara.info\/wp-content\/uploads\/2020\/12\/VR_Konferenz-1024x731.jpg\" class=\"attachment-large size-large\" alt=\"\" loading=\"lazy\" srcset=\"https:\/\/laara.info\/wp-content\/uploads\/2020\/12\/VR_Konferenz-1024x731.jpg 1024w, https:\/\/laara.info\/wp-content\/uploads\/2020\/12\/VR_Konferenz-300x214.jpg 300w, https:\/\/laara.info\/wp-content\/uploads\/2020\/12\/VR_Konferenz-768x549.jpg 768w, https:\/\/laara.info\/wp-content\/uploads\/2020\/12\/VR_Konferenz-1200x857.jpg 1200w, https:\/\/laara.info\/wp-content\/uploads\/2020\/12\/VR_Konferenz.jpg 1344w\" sizes=\"(max-width: 580px) 100vw, 580px\" \/>\t\t\t\t\t\t\t\t\t\t\t<\/div>\n\t\t\t\t<\/div>\n\t\t\t\t<\/div>\n\t\t\t\t\t\t<\/div>\n\t\t\t\t\t<\/div>\n\t\t<\/div>\n\t\t\t\t\t\t\t\t<\/div>\n\t\t\t\t\t<\/div>\n\t\t<\/section>\n\t\t\t\t\t\t<\/div>\n\t\t\t\t\t<\/div>\n\t\t<\/div>\n\t\t\t\t\t\t\t\t<\/div>\n\t\t\t\t\t<\/div>\n\t\t<\/section>\n\t\t\t\t\t\t<\/div>\n\t\t\t\t\t\t<\/div>\n\t\t\t\t\t<\/div>\n\t\t","protected":false},"excerpt":{"rendered":"<p>http:\/\/laara.info\/wp-content\/uploads\/2023\/03\/LAARA_Film_2022_Dialogforum.mp4 Das Projekt LAARA stellt neue Ergebnisse auf der Dialogkonferenz 2022 vor Metavorhaben Digitalisierung im Bildungsbereich &#8211; Inside Bildungsforschung Wir durften im Rahmen der Veranstaltungsreihe Inside Bildungsforschung unser Projekt vorstellen, um uns am Austausch und der Vernetzung mit anderem Projekten zu beteiligen. Vielen Dank f\u00fcr diese interessante und neue Erfahrung! http:\/\/laara.info\/wp-content\/uploads\/2022\/08\/LAARA-Video.mp4 Das Projekt LAARA stellt [&hellip;]<\/p>\n","protected":false},"author":4,"featured_media":0,"parent":0,"menu_order":0,"comment_status":"closed","ping_status":"closed","template":"elementor_header_footer","meta":[],"_links":{"self":[{"href":"https:\/\/laara.info\/index.php?rest_route=\/wp\/v2\/pages\/159"}],"collection":[{"href":"https:\/\/laara.info\/index.php?rest_route=\/wp\/v2\/pages"}],"about":[{"href":"https:\/\/laara.info\/index.php?rest_route=\/wp\/v2\/types\/page"}],"author":[{"embeddable":true,"href":"https:\/\/laara.info\/index.php?rest_route=\/wp\/v2\/users\/4"}],"replies":[{"embeddable":true,"href":"https:\/\/laara.info\/index.php?rest_route=%2Fwp%2Fv2%2Fcomments&post=159"}],"version-history":[{"count":15,"href":"https:\/\/laara.info\/index.php?rest_route=\/wp\/v2\/pages\/159\/revisions"}],"predecessor-version":[{"id":644,"href":"https:\/\/laara.info\/index.php?rest_route=\/wp\/v2\/pages\/159\/revisions\/644"}],"wp:attachment":[{"href":"https:\/\/laara.info\/index.php?rest_route=%2Fwp%2Fv2%2Fmedia&parent=159"}],"curies":[{"name":"wp","href":"https:\/\/api.w.org\/{rel}","templated":true}]}}