{"id":161,"date":"2020-10-28T13:49:03","date_gmt":"2020-10-28T12:49:03","guid":{"rendered":"http:\/\/laara.info\/?page_id=161"},"modified":"2021-01-11T14:29:09","modified_gmt":"2021-01-11T13:29:09","slug":"verbundpartner","status":"publish","type":"page","link":"https:\/\/laara.info\/?page_id=161","title":{"rendered":"Verbundpartner"},"content":{"rendered":"\t\t<div data-elementor-type=\"wp-page\" data-elementor-id=\"161\" class=\"elementor elementor-161\" data-elementor-settings=\"[]\">\n\t\t\t\t\t\t<div class=\"elementor-inner\">\n\t\t\t\t\t\t\t<div class=\"elementor-section-wrap\">\n\t\t\t\t\t\t\t<section class=\"elementor-section elementor-top-section elementor-element elementor-element-67ed2f3 elementor-section-boxed elementor-section-height-default elementor-section-height-default\" data-id=\"67ed2f3\" data-element_type=\"section\">\n\t\t\t\t\t\t<div class=\"elementor-container elementor-column-gap-default\">\n\t\t\t\t\t\t\t<div class=\"elementor-row\">\n\t\t\t\t\t<div class=\"elementor-column elementor-col-100 elementor-top-column elementor-element elementor-element-583f806\" data-id=\"583f806\" data-element_type=\"column\">\n\t\t\t<div class=\"elementor-column-wrap elementor-element-populated\">\n\t\t\t\t\t\t\t<div class=\"elementor-widget-wrap\">\n\t\t\t\t\t\t<div class=\"elementor-element elementor-element-8ebda00 elementor-widget elementor-widget-text-editor\" data-id=\"8ebda00\" data-element_type=\"widget\" data-widget_type=\"text-editor.default\">\n\t\t\t\t<div class=\"elementor-widget-container\">\n\t\t\t\t\t<div class=\"elementor-text-editor elementor-clearfix\"><p><span style=\"text-decoration: underline;\"><strong>Technische Universit\u00e4t Dortmund<\/strong><\/span><\/p>\n<p>Die Professur f\u00fcr Internationale Bildungskooperation, Berufs- und Betriebsp\u00e4dagogik <img loading=\"lazy\" class=\"wp-image-446 size-full alignleft\" src=\"http:\/\/laara.info\/wp-content\/uploads\/2020\/12\/TUDo_Bild.jpg\" alt=\"\" width=\"563\" height=\"375\" srcset=\"https:\/\/laara.info\/wp-content\/uploads\/2020\/12\/TUDo_Bild.jpg 563w, https:\/\/laara.info\/wp-content\/uploads\/2020\/12\/TUDo_Bild-300x200.jpg 300w\" sizes=\"(max-width: 563px) 100vw, 563px\" \/>(Lehrstuhlinhaber Prof. Dr. Dr. h.c. Thomas Schr\u00f6der), die an der Fakult\u00e4t 12 (Erziehungswissenschaft, Psychologie und Bildungsforschung) der TU Dortmund verortet ist,) vertritt in national und international ausgerichteten Forschungsprojekten eine partizipative, handlungs- und gestaltungsorientierte Berufsbildungsforschung, die u.a. auf eine nachhaltige Implementierung systemrelevanter Innovationen gerichtet ist. In diesem Kontext ist der Lehrstuhl mit der Erforschung und Entwicklung arbeitsprozessorientierter und -integrierter Lernarrangements an verschiedenen Lernorten (Berufsbildende Schulen, Betriebe, \u00fcberbetriebliche Ausbildungszentren) befasst, in denen sich eine individuelle Kompetenzentwicklung in der Verbindung aus prozessualem Erfahrungslernen und gezielten Wissensinputs vollzieht.<\/p><\/div>\n\t\t\t\t<\/div>\n\t\t\t\t<\/div>\n\t\t\t\t<div class=\"elementor-element elementor-element-3918b3e elementor-widget elementor-widget-text-editor\" data-id=\"3918b3e\" data-element_type=\"widget\" data-widget_type=\"text-editor.default\">\n\t\t\t\t<div class=\"elementor-widget-container\">\n\t\t\t\t\t<div class=\"elementor-text-editor elementor-clearfix\"><p><span style=\"text-decoration: underline;\"><strong>Universit\u00e4t Siegen<\/strong><\/span><\/p><p>Didaktik der Informatik und Didaktik der Technik an Berufskollegs<\/p><p>Das Projekt wird von der Didaktik der Informatik (Dr. Steffen Jaschke) koordiniert. Die Professur f\u00fcr Didaktik der Technik an Berufskollegs (Prof. Dr. Tamara Riehle) verantwortet die Fachdidaktische Bildung von Lehrkr\u00e4ften der Beruflichen Bildung in den Fachrichtungen Maschinenbautechnik, und Informatik an verschiedenen Hochschulen.<\/p><p>Lehrstuhl f\u00fcr Umformtechnik<\/p><p>Der Lehrstuhl f\u00fcr Umformtechnik der Universit\u00e4t Siegen <img loading=\"lazy\" class=\"alignright wp-image-254 size-large\" src=\"http:\/\/laara.info\/wp-content\/uploads\/2020\/11\/UniSiegen-1024x576.png\" alt=\"\" width=\"580\" height=\"326\" srcset=\"https:\/\/laara.info\/wp-content\/uploads\/2020\/11\/UniSiegen-1024x576.png 1024w, https:\/\/laara.info\/wp-content\/uploads\/2020\/11\/UniSiegen-300x169.png 300w, https:\/\/laara.info\/wp-content\/uploads\/2020\/11\/UniSiegen-768x432.png 768w, https:\/\/laara.info\/wp-content\/uploads\/2020\/11\/UniSiegen-1536x864.png 1536w, https:\/\/laara.info\/wp-content\/uploads\/2020\/11\/UniSiegen-2048x1152.png 2048w, https:\/\/laara.info\/wp-content\/uploads\/2020\/11\/UniSiegen-1200x675.png 1200w, https:\/\/laara.info\/wp-content\/uploads\/2020\/11\/UniSiegen-1980x1114.png 1980w\" sizes=\"(max-width: 580px) 100vw, 580px\" \/>existiert mit der Berufung von Prof. Engel seit 2003 an der Universit\u00e4t Siegen. Neben dem breiten Verfahrensspektrum der Kaltblechumformung hat der Lehrstuhl eine \u00fcberregional bekannte und ausgezeichnete Expertise im Bereich des Rohrbiegens. Vornehmlich kommen hierbei die Verfahren Rotations-zugbiegen (RZB) und Freiformbiegen (FFB), Inkrementelles Schwenkbiegen (ISB) sowie Streckzugbiegen zum Einsatz. Diese erm\u00f6glichen es mittels formspeichernder, bzw. kinematischer Formgebung gezielt Biegebauteile in engen Toleranzen herzustellen.<br \/>Ein Forschungsschwerpunkt des Lehrstuhles ist die Erforschung von technischen Biegevorg\u00e4ngen. Dazu implementiert UTS neue Software zur Bedienerunterst\u00fctzung, erg\u00e4nzt diese um Qualit\u00e4tsmesszahlen und adaptiert sie auf Werkzeugkonzepte, welche Probanden ein Montage-tryout bei gleichzeitiger Ber\u00fccksichtigung arbeitswissenschaftlicher Expertisen und arbeitsschutzrechtlichen Gegebenheiten erm\u00f6glicht<\/p><\/div>\n\t\t\t\t<\/div>\n\t\t\t\t<\/div>\n\t\t\t\t\t\t<\/div>\n\t\t\t\t\t<\/div>\n\t\t<\/div>\n\t\t\t\t\t\t\t\t<\/div>\n\t\t\t\t\t<\/div>\n\t\t<\/section>\n\t\t\t\t\t\t<\/div>\n\t\t\t\t\t\t<\/div>\n\t\t\t\t\t<\/div>\n\t\t","protected":false},"excerpt":{"rendered":"<p>Technische Universit\u00e4t Dortmund Die Professur f\u00fcr Internationale Bildungskooperation, Berufs- und Betriebsp\u00e4dagogik (Lehrstuhlinhaber Prof. Dr. Dr. h.c. Thomas Schr\u00f6der), die an der Fakult\u00e4t 12 (Erziehungswissenschaft, Psychologie und Bildungsforschung) der TU Dortmund verortet ist,) vertritt in national und international ausgerichteten Forschungsprojekten eine partizipative, handlungs- und gestaltungsorientierte Berufsbildungsforschung, die u.a. auf eine nachhaltige Implementierung systemrelevanter Innovationen gerichtet ist. [&hellip;]<\/p>\n","protected":false},"author":4,"featured_media":0,"parent":0,"menu_order":0,"comment_status":"closed","ping_status":"closed","template":"elementor_header_footer","meta":[],"_links":{"self":[{"href":"https:\/\/laara.info\/index.php?rest_route=\/wp\/v2\/pages\/161"}],"collection":[{"href":"https:\/\/laara.info\/index.php?rest_route=\/wp\/v2\/pages"}],"about":[{"href":"https:\/\/laara.info\/index.php?rest_route=\/wp\/v2\/types\/page"}],"author":[{"embeddable":true,"href":"https:\/\/laara.info\/index.php?rest_route=\/wp\/v2\/users\/4"}],"replies":[{"embeddable":true,"href":"https:\/\/laara.info\/index.php?rest_route=%2Fwp%2Fv2%2Fcomments&post=161"}],"version-history":[{"count":0,"href":"https:\/\/laara.info\/index.php?rest_route=\/wp\/v2\/pages\/161\/revisions"}],"wp:attachment":[{"href":"https:\/\/laara.info\/index.php?rest_route=%2Fwp%2Fv2%2Fmedia&parent=161"}],"curies":[{"name":"wp","href":"https:\/\/api.w.org\/{rel}","templated":true}]}}